{"id":3832,"date":"2026-04-08T02:56:58","date_gmt":"2026-04-08T02:56:58","guid":{"rendered":"https:\/\/panteraperu.pe\/?page_id=3832"},"modified":"2026-04-08T18:01:24","modified_gmt":"2026-04-08T18:01:24","slug":"venta-y-alquiler","status":"publish","type":"page","link":"https:\/\/panteraperu.pe\/index.php\/venta-y-alquiler\/","title":{"rendered":"Venta y Alquiler"},"content":{"rendered":"\t\t<div data-elementor-type=\"wp-page\" data-elementor-id=\"3832\" class=\"elementor elementor-3832\">\n\t\t\t\t\t\t<section class=\"elementor-section elementor-top-section elementor-element elementor-element-14369746 elementor-section-full_width elementor-section-stretched elementor-section-height-default elementor-section-height-default\" data-id=\"14369746\" data-element_type=\"section\" data-e-type=\"section\" data-settings=\"{&quot;stretch_section&quot;:&quot;section-stretched&quot;}\">\n\t\t\t\t\t\t<div class=\"elementor-container elementor-column-gap-no\">\n\t\t\t\t\t<div class=\"elementor-column elementor-col-100 elementor-top-column elementor-element elementor-element-7daf6735\" data-id=\"7daf6735\" data-element_type=\"column\" data-e-type=\"column\">\n\t\t\t<div class=\"elementor-widget-wrap elementor-element-populated\">\n\t\t\t\t\t\t<div class=\"elementor-element elementor-element-3cda5b15 elementor-widget elementor-widget-slider\" data-id=\"3cda5b15\" data-element_type=\"widget\" data-e-type=\"widget\" data-widget_type=\"slider.default\">\n\t\t\t\t<div class=\"elementor-widget-container\">\n\t\t\t\t\t\r\n\t<!-- Start Banner Style Two\r\n    ============================================= -->\r\n    <div class=\"banner-area inc-shape text-multi-weight\">\r\n        \r\n        <div id=\"bootcarousel\" class=\"carousel slide carousel-fade animate_text\" data-ride=\"carousel\">\r\n            <!-- Indicators for slides -->\r\n            <div class=\"carousel-indicator\">\r\n                <ol class=\"carousel-indicators right\">\r\n                \t                    \t<li data-target=\"#bootcarousel\" data-slide-to=\"0\" class=\"active\"><\/li>\r\n                                    <\/ol>\r\n            <\/div>\r\n            <!-- Wrapper for slides -->\r\n            <div class=\"carousel-inner\">\r\n            \t                <div class=\"carousel-item bg-cover active\" style=\"background-image: url(https:\/\/panteraperu.pe\/wp-content\/uploads\/2026\/04\/Limpieza_004-scaled.webp);\">\r\n                    <div class=\"box-table\">\r\n                        <div class=\"box-cell\">\r\n                            <div class=\"container\">\r\n                                <div class=\"row\">\r\n                                    <div class=\"col-lg-8\">\r\n                                        <div class=\"content\">\r\n                                            <h2 data-animation=\"animated slideInRight\">Venta y alquiler estrat\u00e9gico <span> de tecnolog\u00eda industrial<\/span><\/h2>\r\n                                            <p data-animation=\"animated slideInLeft\">\r\n                                               Proveemos soluciones de limpieza de alta gama mediante la venta y alquiler de equipos K\u00e4rcher y Nilfisk. Garantizamos la continuidad de su inversi\u00f3n con stock inmediato de repuestos, consumibles y servicio t\u00e9cnico especializado.                                            <\/p>\r\n                                                                                        <a data-animation=\"animated zoomInUp\" class=\"btn btn-theme effect primary btn-md\" href=\"https:\/\/panteraperu.pe\/index.php\/contactanos\/\">Cont\u00e1ctanos<\/a>\r\n                                                                                    <\/div>\r\n                                    <\/div>\r\n                                <\/div>\r\n                            <\/div>\r\n                            \t                            <!-- Shape -->\r\n\t                            <div class=\"shape-border\" style=\"background-image: url(https:\/\/panteraperu.pe\/wp-content\/themes\/cleanu\/assets\/img\/slider_2.png);\"><\/div>\r\n\t                            <!-- End Shape -->\r\n                        \t                        <\/div>\r\n                    <\/div>\r\n                <\/div>\r\n                 \r\n            <\/div>\r\n            <!-- End Wrapper for slides -->\r\n\r\n        <\/div>\r\n    <\/div>\r\n    <!-- End Banner Banner Style Two -->\r\n    \t\t\t\t<\/div>\n\t\t\t\t<\/div>\n\t\t\t\t\t<\/div>\n\t\t<\/div>\n\t\t\t\t\t<\/div>\n\t\t<\/section>\n\t\t\t\t<section class=\"elementor-section elementor-top-section elementor-element elementor-element-2c27e0b1 elementor-section-full_width elementor-section-stretched elementor-section-height-default elementor-section-height-default\" data-id=\"2c27e0b1\" data-element_type=\"section\" data-e-type=\"section\" data-settings=\"{&quot;stretch_section&quot;:&quot;section-stretched&quot;}\">\n\t\t\t\t\t\t<div class=\"elementor-container elementor-column-gap-no\">\n\t\t\t\t\t<div class=\"elementor-column elementor-col-100 elementor-top-column elementor-element elementor-element-60be28c2\" data-id=\"60be28c2\" data-element_type=\"column\" data-e-type=\"column\">\n\t\t\t<div class=\"elementor-widget-wrap elementor-element-populated\">\n\t\t\t\t\t\t<div class=\"elementor-element elementor-element-1fa210d9 elementor-widget elementor-widget-estimate\" data-id=\"1fa210d9\" data-element_type=\"widget\" data-e-type=\"widget\" data-widget_type=\"estimate.default\">\n\t\t\t\t<div class=\"elementor-widget-container\">\n\t\t\t\t\t\t<!-- Star Get Esimate\r\n    ============================================= -->\r\n    <div class=\"estimate-area\">\r\n        <div class=\"container\">\r\n            <div class=\"estimate-form default-padding\">\r\n                <div class=\"fixed-shape-left\">\r\n                \t                    \t<img decoding=\"async\" src=\"https:\/\/validthemes.net\/themeforest\/wp\/cleanu\/wp-content\/uploads\/2022\/04\/estimate.png\" alt=\"cleanu\">\r\n                \t                <\/div>\r\n                <div class=\"row\">\r\n                    <div class=\"col-lg-2\">\r\n                        <h2>\u00a1Cont\u00e1ctanos!<\/h2>\r\n                    <\/div>\r\n                    <div class=\"col-lg-10\">\r\n                         \n<div class=\"wpcf7 no-js\" id=\"wpcf7-f387-o1\" lang=\"en-US\" dir=\"ltr\" data-wpcf7-id=\"387\">\n<div class=\"screen-reader-response\"><p role=\"status\" aria-live=\"polite\" aria-atomic=\"true\"><\/p> <ul><\/ul><\/div>\n<form action=\"\/index.php\/wp-json\/wp\/v2\/pages\/3832#wpcf7-f387-o1\" method=\"post\" class=\"wpcf7-form init\" aria-label=\"Contact form\" novalidate=\"novalidate\" data-status=\"init\">\n<fieldset class=\"hidden-fields-container\"><input type=\"hidden\" name=\"_wpcf7\" value=\"387\" \/><input type=\"hidden\" name=\"_wpcf7_version\" value=\"6.1.5\" \/><input type=\"hidden\" name=\"_wpcf7_locale\" value=\"en_US\" \/><input type=\"hidden\" name=\"_wpcf7_unit_tag\" value=\"wpcf7-f387-o1\" \/><input type=\"hidden\" name=\"_wpcf7_container_post\" value=\"0\" \/><input type=\"hidden\" name=\"_wpcf7_posted_data_hash\" value=\"\" \/>\n<\/fieldset>\n<div class=\"row\">\n    <div class=\"col-lg-3\">\n        <div class=\"form-group\">\n         <span class=\"wpcf7-form-control-wrap\" data-name=\"text-673\"><input size=\"40\" maxlength=\"400\" class=\"wpcf7-form-control wpcf7-text form-control\" aria-invalid=\"false\" placeholder=\"Nombre o Empresa\" value=\"\" type=\"text\" name=\"text-673\" \/><\/span>\n        <\/div>\n    <\/div>\n    <div class=\"col-lg-3\">\n        <div class=\"form-group\">\n             <span class=\"wpcf7-form-control-wrap\" data-name=\"email-971\"><input size=\"40\" maxlength=\"400\" class=\"wpcf7-form-control wpcf7-email wpcf7-validates-as-required wpcf7-text wpcf7-validates-as-email form-control\" aria-required=\"true\" aria-invalid=\"false\" placeholder=\"Correo corporativo\" value=\"\" type=\"email\" name=\"email-971\" \/><\/span>\n        <\/div>\n    <\/div>\n    <div class=\"col-lg-3\">\n        <div class=\"form-group\">\n            <span class=\"wpcf7-form-control-wrap\" data-name=\"menu-923\"><select class=\"wpcf7-form-control wpcf7-select form-control\" aria-invalid=\"false\" name=\"menu-923\"><option value=\"Seleccione el inter\u00e9s\">Seleccione el inter\u00e9s<\/option><option value=\"Outsourcing de servicios\">Outsourcing de servicios<\/option><option value=\"Venta de equipos\">Venta de equipos<\/option><option value=\"Alquiler estrat\u00e9gico\">Alquiler estrat\u00e9gico<\/option><\/select><\/span>\n        <\/div>\n    <\/div>\n    <div class=\"col-lg-3\">\n        <button type=\"submit\" name=\"submit\" id=\"submit\" class:btn-block>Solicitar asesor\u00eda<\/button>\n    <\/div>\n<\/div><div class=\"wpcf7-response-output\" aria-hidden=\"true\"><\/div>\n<\/form>\n<\/div>\n                    <\/div>\r\n                <\/div>\r\n            <\/div>\r\n        <\/div>\r\n    <\/div>\r\n    <!-- End Get Esimate -->\r\n\t\t\t\t\t<\/div>\n\t\t\t\t<\/div>\n\t\t\t\t\t<\/div>\n\t\t<\/div>\n\t\t\t\t\t<\/div>\n\t\t<\/section>\n\t\t<div class=\"elementor-element elementor-element-90e8173 e-flex e-con-boxed e-con e-parent\" data-id=\"90e8173\" data-element_type=\"container\" data-e-type=\"container\">\n\t\t\t\t\t<div class=\"e-con-inner\">\n\t\t\t\t<div class=\"elementor-element elementor-element-e1dc22e elementor-widget elementor-widget-spacer\" data-id=\"e1dc22e\" data-element_type=\"widget\" data-e-type=\"widget\" data-widget_type=\"spacer.default\">\n\t\t\t\t\t\t\t<div class=\"elementor-spacer\">\n\t\t\t<div class=\"elementor-spacer-inner\"><\/div>\n\t\t<\/div>\n\t\t\t\t\t\t<\/div>\n\t\t\t\t\t<\/div>\n\t\t\t\t<\/div>\n\t\t\t\t<section class=\"elementor-section elementor-top-section elementor-element elementor-element-76b0c9be elementor-section-full_width elementor-section-stretched elementor-section-height-default elementor-section-height-default\" data-id=\"76b0c9be\" data-element_type=\"section\" data-e-type=\"section\" data-settings=\"{&quot;stretch_section&quot;:&quot;section-stretched&quot;}\">\n\t\t\t\t\t\t<div class=\"elementor-container elementor-column-gap-no\">\n\t\t\t\t\t<div class=\"elementor-column elementor-col-100 elementor-top-column elementor-element elementor-element-19ec55c0\" data-id=\"19ec55c0\" data-element_type=\"column\" data-e-type=\"column\">\n\t\t\t<div class=\"elementor-widget-wrap elementor-element-populated\">\n\t\t\t\t\t\t<div class=\"elementor-element elementor-element-7c4116f5 elementor-widget elementor-widget-choose\" data-id=\"7c4116f5\" data-element_type=\"widget\" data-e-type=\"widget\" data-widget_type=\"choose.default\">\n\t\t\t\t<div class=\"elementor-widget-container\">\n\t\t\t\t\t\t<!-- Start Why Choose Us \r\n    ============================================= -->\r\n    <div class=\"choseus-style-one-area bg-fixed default-padding\" style=\"background-image: url(https:\/\/panteraperu.pe\/wp-content\/uploads\/2026\/04\/Limpieza_009-e1775655679830.webp);\">\r\n        <div class=\"angle-shape\"><\/div>\r\n        <div class=\"container\">\r\n            <div class=\"row\">\r\n                <div class=\"col-lg-7 offset-lg-5 col-md-7 offset-md-5\">\r\n                    <div class=\"row\">\r\n                        <div class=\"col-lg-8 choose-style-one\">\r\n                            <h5 class=\"sub-heading\">RAZONES PARA ELEGIR NUESTRO EQUIPAMIENTO<\/h5>\r\n                            <h2 class=\"heading\">Tecnolog\u00eda l\u00edder con respaldo local<\/h2>\r\n                            <ul>\r\n                            \t\t\t\t\t            \t<li class=\"feature-list\">\r\n                                    <div class=\"icon\">\r\n\t                                    \t\t\t                            \t\t\t                                                                <\/div>\r\n                                    <div class=\"info\">\r\n                                        <h4>STOCK Y GARANT\u00cdA<\/h4>\r\n                                        <p>\r\n                                            Eliminamos los tiempos de espera. Contamos con equipos, repuestos y consumibles originales de entrega inmediata en nuestra sede del sur.                                         <\/p>\r\n                                    <\/div>\r\n                                <\/li>\r\n                                \t\t\t\t            \t<li class=\"feature-list\">\r\n                                    <div class=\"icon\">\r\n\t                                    \t\t\t                            \t\t\t                                                                <\/div>\r\n                                    <div class=\"info\">\r\n                                        <h4>SERVICIO T\u00c9CNICO AUTORIZADO<\/h4>\r\n                                        <p>\r\n                                            Somos el \u00fanico centro autorizado karcher y nilfisk en la regi\u00f3n. Aseguramos el mantenimiento preventivo y correctivo de su inversi\u00f3n. Soporte especializado que protege su capital.                                        <\/p>\r\n                                    <\/div>\r\n                                <\/li>\r\n                                                            <\/ul>\r\n                        <\/div>\r\n                        <div class=\"col-lg-4 choose-style-one\">\r\n                        \t                        <\/div>\r\n                    <\/div>\r\n                <\/div>\r\n            <\/div>\r\n        <\/div>\r\n    <\/div>\r\n    <!-- End Why Choose Us -->\t\r\n    \t\t\t\t<\/div>\n\t\t\t\t<\/div>\n\t\t\t\t\t<\/div>\n\t\t<\/div>\n\t\t\t\t\t<\/div>\n\t\t<\/section>\n\t\t\t\t<section class=\"elementor-section elementor-top-section elementor-element elementor-element-7445cbf5 elementor-section-full_width elementor-section-stretched elementor-section-height-default elementor-section-height-default\" data-id=\"7445cbf5\" data-element_type=\"section\" data-e-type=\"section\" data-settings=\"{&quot;stretch_section&quot;:&quot;section-stretched&quot;}\">\n\t\t\t\t\t\t<div class=\"elementor-container elementor-column-gap-no\">\n\t\t\t\t\t<div class=\"elementor-column elementor-col-100 elementor-top-column elementor-element elementor-element-695b743d\" data-id=\"695b743d\" data-element_type=\"column\" data-e-type=\"column\">\n\t\t\t<div class=\"elementor-widget-wrap elementor-element-populated\">\n\t\t\t\t\t\t<div class=\"elementor-element elementor-element-31f0cd2a elementor-widget elementor-widget-service\" data-id=\"31f0cd2a\" data-element_type=\"widget\" data-e-type=\"widget\" data-widget_type=\"service.default\">\n\t\t\t\t<div class=\"elementor-widget-container\">\n\t\t\t\t\t\t<!-- Start Services Style One\r\n    ============================================= -->\r\n    <div class=\"services-style-two-area\">\r\n        <div class=\"container\">\r\n                        <div class=\"row\">\r\n                <div class=\"col-lg-8 offset-lg-2\">\r\n                    <div class=\"site-heading text-center\">\r\n                    \t                        <h4>que hacemos<\/h4>\r\n                    \t                    \t                        <h2>Venta y alquiler estrat\u00e9gico<\/h2>\r\n                                                <div class=\"devider\"><\/div>\r\n                        \t\t\t\t\t\t<p>Proveemos soluciones de limpieza de alta gama mediante la venta y alquiler de equipos K\u00e4rcher y Nilfisk.<\/p>                      \r\n                                            <\/div>\r\n                <\/div>\r\n            <\/div>\r\n                    <\/div>\r\n        <div class=\"container-full\">\r\n            <div class=\"services-style-two-box text-center\">\r\n                <div class=\"services-4-col-carousel owl-carousel owl-theme\">\r\n                \t\t                    <!-- Single Item -->\r\n\t                    <div class=\"sevices-style-two\">\r\n\t                        <div class=\"thumb\" style=\"background-image: url(https:\/\/panteraperu.pe\/wp-content\/uploads\/2026\/04\/Limpieza_0012.jpg);\"><\/div>\r\n\t                        <h4><a href=\"\">Hidrolavadoras de alta presi\u00f3n<\/a><\/h4>\r\n\t                                                        <i class=\"flaticon-sanitizer\"><\/i>\r\n                                                        \t                        <p>\r\n\t                            <b>POTENCIA Y EFICIENCIA EN LIMPIEZA INDUSTRIAL<\/b> <br><br> Equipos dise\u00f1ados para remover suciedad extrema en flotas y plantas, optimizando el consumo de agua y tiempo. <br><br> <b>M\u00e1ximo rendimiento operativo con tecnolog\u00eda alemana<\/b>\t                        <\/p>\r\n\t                    <\/div>\r\n\t                    <!-- End Single Item -->\r\n                    \t                    <!-- Single Item -->\r\n\t                    <div class=\"sevices-style-two\">\r\n\t                        <div class=\"thumb\" style=\"background-image: url(https:\/\/panteraperu.pe\/wp-content\/uploads\/2026\/04\/bds-43.webp);\"><\/div>\r\n\t                        <h4><a href=\"\">Fregadoras y barredoras de pisos<\/a><\/h4>\r\n\t                                                        <i class=\"flaticon-cleaning-3\"><\/i>\r\n                                                        \t                        <p>\r\n\t                            <b>AUTOMATIZACI\u00d3N DE SUPERFICIES EXTENSAS<\/b> <br><br> Soluciones para el mantenimiento de almacenes y plantas industriales que garantizan pisos secos y seguros al instante. <br><br> <b>Reducci\u00f3n dr\u00e1stica de costos por metro cuadrado<\/b>\t                        <\/p>\r\n\t                    <\/div>\r\n\t                    <!-- End Single Item -->\r\n                    \t                    <!-- Single Item -->\r\n\t                    <div class=\"sevices-style-two\">\r\n\t                        <div class=\"thumb\" style=\"background-image: url(https:\/\/panteraperu.pe\/wp-content\/uploads\/2026\/04\/IVS_100_concrete_factory_app_12.jpg);\"><\/div>\r\n\t                        <h4><a href=\"\">Aspiraci\u00f3n y vapor industrial<\/a><\/h4>\r\n\t                                                        <i class=\"flaticon-washing-plate\"><\/i>\r\n                                                        \t                        <p>\r\n\t                            <b>GESTI\u00d3N DE RESIDUOS Y SANITIZACI\u00d3N PROFUNDA<\/b> <br><br> Equipos especializados para la succi\u00f3n de polvos cr\u00edticos y desinfecci\u00f3n t\u00e9rmica sin necesidad de qu\u00edmicos agresivos. <br><br> <b>Ambientes de trabajo m\u00e1s saludables y productivos<\/b>\t                        <\/p>\r\n\t                    <\/div>\r\n\t                    <!-- End Single Item -->\r\n                    \t                    <!-- Single Item -->\r\n\t                    <div class=\"sevices-style-two\">\r\n\t                        <div class=\"thumb\" style=\"background-image: url(https:\/\/panteraperu.pe\/wp-content\/uploads\/2026\/04\/WhatsApp-Image-2026-03-26-at-7.14.43-PM-e1775527784694.webp);\"><\/div>\r\n\t                        <h4><a href=\"https:\/\/validthemes.net\/themeforest\/wp\/cleanu\/kitchen-cleaning\/\">Soporte y garant\u00eda<\/a><\/h4>\r\n\t                                                        <i class=\"flaticon-shield\"><\/i>\r\n                                                        \t                        <p>\r\n\t                            <b>RESPALDO T\u00c9CNICO PERMANENTE EN AREQUIPA<\/b> <br><br> Servicio t\u00e9cnico autorizado, stock de repuestos y capacitaci\u00f3n operativa para que sus equipos nunca dejen de producir. <br><br> <b>Respuesta inmediata sin esperas desde Lima<\/b>\t                        <\/p>\r\n\t                    <\/div>\r\n\t                    <!-- End Single Item -->\r\n                                    <\/div>\r\n            <\/div>\r\n        <\/div>\r\n    <\/div>\r\n    <!-- End Services Style One-->\r\n    \t\t\t\t<\/div>\n\t\t\t\t<\/div>\n\t\t\t\t\t<\/div>\n\t\t<\/div>\n\t\t\t\t\t<\/div>\n\t\t<\/section>\n\t\t\t\t<\/div>\n\t\t","protected":false},"excerpt":{"rendered":"<p>Venta y alquiler estrat\u00e9gico de tecnolog\u00eda industrial Proveemos soluciones de limpieza de alta gama mediante la venta y alquiler de equipos K\u00e4rcher y Nilfisk. Garantizamos la continuidad de su inversi\u00f3n con stock inmediato de repuestos, consumibles y servicio t\u00e9cnico especializado. Cont\u00e1ctanos \u00a1Cont\u00e1ctanos! Seleccione el inter\u00e9sOutsourcing de serviciosVenta de equiposAlquiler estrat\u00e9gico Solicitar asesor\u00eda RAZONES PARA ELEGIR [&hellip;]<\/p>\n","protected":false},"author":1,"featured_media":0,"parent":0,"menu_order":0,"comment_status":"closed","ping_status":"closed","template":"elementor_header_footer","meta":{"footnotes":""},"class_list":["post-3832","page","type-page","status-publish","hentry"],"_links":{"self":[{"href":"https:\/\/panteraperu.pe\/index.php\/wp-json\/wp\/v2\/pages\/3832","targetHints":{"allow":["GET"]}}],"collection":[{"href":"https:\/\/panteraperu.pe\/index.php\/wp-json\/wp\/v2\/pages"}],"about":[{"href":"https:\/\/panteraperu.pe\/index.php\/wp-json\/wp\/v2\/types\/page"}],"author":[{"embeddable":true,"href":"https:\/\/panteraperu.pe\/index.php\/wp-json\/wp\/v2\/users\/1"}],"replies":[{"embeddable":true,"href":"https:\/\/panteraperu.pe\/index.php\/wp-json\/wp\/v2\/comments?post=3832"}],"version-history":[{"count":34,"href":"https:\/\/panteraperu.pe\/index.php\/wp-json\/wp\/v2\/pages\/3832\/revisions"}],"predecessor-version":[{"id":3924,"href":"https:\/\/panteraperu.pe\/index.php\/wp-json\/wp\/v2\/pages\/3832\/revisions\/3924"}],"wp:attachment":[{"href":"https:\/\/panteraperu.pe\/index.php\/wp-json\/wp\/v2\/media?parent=3832"}],"curies":[{"name":"wp","href":"https:\/\/api.w.org\/{rel}","templated":true}]}}