{"id":1331,"date":"2022-04-13T13:26:48","date_gmt":"2022-04-13T13:26:48","guid":{"rendered":"https:\/\/validthemes.net\/themeforest\/wp\/cleanu\/?page_id=1331"},"modified":"2026-04-08T18:10:10","modified_gmt":"2026-04-08T18:10:10","slug":"contactanos","status":"publish","type":"page","link":"https:\/\/panteraperu.pe\/index.php\/contactanos\/","title":{"rendered":"Cont\u00e1ctanos"},"content":{"rendered":"\t\t<div data-elementor-type=\"wp-page\" data-elementor-id=\"1331\" class=\"elementor elementor-1331\">\n\t\t\t\t\t\t<section class=\"elementor-section elementor-top-section elementor-element elementor-element-1b751fc elementor-section-full_width elementor-section-stretched elementor-section-height-default elementor-section-height-default\" data-id=\"1b751fc\" data-element_type=\"section\" data-e-type=\"section\" data-settings=\"{&quot;stretch_section&quot;:&quot;section-stretched&quot;}\">\n\t\t\t\t\t\t<div class=\"elementor-container elementor-column-gap-no\">\n\t\t\t\t\t<div class=\"elementor-column elementor-col-100 elementor-top-column elementor-element elementor-element-d191928\" data-id=\"d191928\" data-element_type=\"column\" data-e-type=\"column\">\n\t\t\t<div class=\"elementor-widget-wrap elementor-element-populated\">\n\t\t\t\t\t\t<div class=\"elementor-element elementor-element-b70f404 elementor-widget elementor-widget-contact\" data-id=\"b70f404\" data-element_type=\"widget\" data-e-type=\"widget\" data-widget_type=\"contact.default\">\n\t\t\t\t<div class=\"elementor-widget-container\">\n\t\t\t\t\t    <!-- Start Contact Area \r\n    ============================================= -->\r\n    <div id=\"contact\" class=\"contact-area default-padding\">\r\n        <div class=\"container\">\r\n            <div class=\"contact-content\">\r\n                <div class=\"row\">\r\n                    <div class=\"col-lg-4 info\">\r\n                        <div class=\"content text-light text-center\">\r\n                        \t                            <div class=\"thumb\">\r\n                                <img decoding=\"async\" src=\"https:\/\/panteraperu.pe\/wp-content\/uploads\/2022\/04\/Logo-Pantera-Peru_horizontal_V3-1.webp\" alt=\"Pantera Per\u00fa\">\r\n                            <\/div>\r\n                                                        <ul>\r\n                            \t                                <li>\r\n                                    \t\t                            \t\t                            \t                                    <i class=\"fal fa-map-marker-alt\"><\/i>\r\n\t                                                                    <p>Calle Grande 101 Yanahuara, Arequipa, Per\u00fa<\/p>                                <\/li>\r\n                                                                <li>\r\n                                    \t\t                            \t\t                            \t                                    <i class=\"fal fa-phone-alt\"><\/i>\r\n\t                                                                    <h5>(+51) 973 675 415<\/h5><h5>(+51) 913 485 384<\/h5>                                <\/li>\r\n                                 \r\n                            <\/ul>\r\n                        <\/div>\r\n                    <\/div>\r\n                    <div class=\"col-lg-8 contact-form-box\">\r\n                        <div class=\"form-box\">\r\n                            <h2>IMPULSE LA PRODUCTIVIDAD DE SU PLANTA<\/h2>\r\n                            <p>Escr\u00edbanos para recibir un diagn\u00f3stico t\u00e9cnico especializado. Nuestro equipo est\u00e1 listo para optimizar sus procesos de mantenimiento.<\/p>                            \n<div class=\"wpcf7 no-js\" id=\"wpcf7-f6-o1\" lang=\"en-US\" dir=\"ltr\" data-wpcf7-id=\"6\">\n<div class=\"screen-reader-response\"><p role=\"status\" aria-live=\"polite\" aria-atomic=\"true\"><\/p> <ul><\/ul><\/div>\n<form action=\"\/index.php\/wp-json\/wp\/v2\/pages\/1331#wpcf7-f6-o1\" method=\"post\" class=\"wpcf7-form init\" aria-label=\"Contact form\" novalidate=\"novalidate\" data-status=\"init\">\n<fieldset class=\"hidden-fields-container\"><input type=\"hidden\" name=\"_wpcf7\" value=\"6\" \/><input type=\"hidden\" name=\"_wpcf7_version\" value=\"6.1.5\" \/><input type=\"hidden\" name=\"_wpcf7_locale\" value=\"en_US\" \/><input type=\"hidden\" name=\"_wpcf7_unit_tag\" value=\"wpcf7-f6-o1\" \/><input type=\"hidden\" name=\"_wpcf7_container_post\" value=\"0\" \/><input type=\"hidden\" name=\"_wpcf7_posted_data_hash\" value=\"\" \/>\n<\/fieldset>\n<div class=\"row\">\n    <div class=\"col-lg-12\">\n        <div class=\"form-group\">\n            <span class=\"wpcf7-form-control-wrap\" data-name=\"text-86\"><input size=\"40\" maxlength=\"400\" class=\"wpcf7-form-control wpcf7-text wpcf7-validates-as-required form-control\" id=\"name\" aria-required=\"true\" aria-invalid=\"false\" placeholder=\"Nombre completo \/ Empresa\" value=\"\" type=\"text\" name=\"text-86\" \/><\/span>\n        <\/div>\n    <\/div>\n<\/div>\n<div class=\"row\">\n    <div class=\"col-lg-6\">\n        <div class=\"form-group\">\n            <span class=\"wpcf7-form-control-wrap\" data-name=\"email-624\"><input size=\"40\" maxlength=\"400\" class=\"wpcf7-form-control wpcf7-email wpcf7-validates-as-required wpcf7-text wpcf7-validates-as-email form-control\" id=\"email\" aria-required=\"true\" aria-invalid=\"false\" placeholder=\"Correo corporativo*\" value=\"\" type=\"email\" name=\"email-624\" \/><\/span>\n        <\/div>\n    <\/div>\n    <div class=\"col-lg-6\">\n        <div class=\"form-group\">\n            <span class=\"wpcf7-form-control-wrap\" data-name=\"tel-136\"><input size=\"40\" maxlength=\"400\" class=\"wpcf7-form-control wpcf7-tel wpcf7-text wpcf7-validates-as-tel form-control\" id=\"phone\" aria-invalid=\"false\" placeholder=\"Tel\u00e9fono de contacto\" value=\"\" type=\"tel\" name=\"tel-136\" \/><\/span>\n        <\/div>\n    <\/div>\n<\/div>\n<div class=\"row\">\n    <div class=\"col-lg-12\">\n        <div class=\"form-group comments\">\n            <span class=\"wpcf7-form-control-wrap\" data-name=\"textarea-102\"><textarea cols=\"40\" rows=\"10\" maxlength=\"2000\" class=\"wpcf7-form-control wpcf7-textarea wpcf7-validates-as-required form-control\" id=\"comments\" aria-required=\"true\" aria-invalid=\"false\" placeholder=\"Describa su requerimiento (ej: Limpieza de paneles, alquiler de hidrolavadora, etc.) *\" name=\"textarea-102\"><\/textarea><\/span>\n        <\/div>\n    <\/div>\n<\/div>\n<div class=\"row\">\n    <div class=\"col-lg-12\">\n        <button type=\"submit\" name=\"submit\" id=\"submit\">Solicitar asesor\u00eda t\u00e9cnica <i class=\"fa fa-paper-plane\"><\/i><\/button>\n    <\/div>\n<\/div><div class=\"wpcf7-response-output\" aria-hidden=\"true\"><\/div>\n<\/form>\n<\/div>\n                        <\/div>\r\n                    <\/div>\r\n                <\/div>\r\n            <\/div>\r\n        <\/div>\r\n    <\/div>\r\n    <!-- End Contact Area -->\r\n    \t\t\t\t<\/div>\n\t\t\t\t<\/div>\n\t\t\t\t\t<\/div>\n\t\t<\/div>\n\t\t\t\t\t<\/div>\n\t\t<\/section>\n\t\t\t\t<\/div>\n\t\t","protected":false},"excerpt":{"rendered":"<p>Calle Grande 101 Yanahuara, Arequipa, Per\u00fa (+51) 973 675 415 (+51) 913 485 384 IMPULSE LA PRODUCTIVIDAD DE SU PLANTA Escr\u00edbanos para recibir un diagn\u00f3stico t\u00e9cnico especializado. Nuestro equipo est\u00e1 listo para optimizar sus procesos de mantenimiento. Solicitar asesor\u00eda t\u00e9cnica<\/p>\n","protected":false},"author":1,"featured_media":0,"parent":0,"menu_order":0,"comment_status":"closed","ping_status":"closed","template":"page-template\/cleanu-templates.php","meta":{"footnotes":""},"class_list":["post-1331","page","type-page","status-publish","hentry"],"_links":{"self":[{"href":"https:\/\/panteraperu.pe\/index.php\/wp-json\/wp\/v2\/pages\/1331","targetHints":{"allow":["GET"]}}],"collection":[{"href":"https:\/\/panteraperu.pe\/index.php\/wp-json\/wp\/v2\/pages"}],"about":[{"href":"https:\/\/panteraperu.pe\/index.php\/wp-json\/wp\/v2\/types\/page"}],"author":[{"embeddable":true,"href":"https:\/\/panteraperu.pe\/index.php\/wp-json\/wp\/v2\/users\/1"}],"replies":[{"embeddable":true,"href":"https:\/\/panteraperu.pe\/index.php\/wp-json\/wp\/v2\/comments?post=1331"}],"version-history":[{"count":13,"href":"https:\/\/panteraperu.pe\/index.php\/wp-json\/wp\/v2\/pages\/1331\/revisions"}],"predecessor-version":[{"id":3927,"href":"https:\/\/panteraperu.pe\/index.php\/wp-json\/wp\/v2\/pages\/1331\/revisions\/3927"}],"wp:attachment":[{"href":"https:\/\/panteraperu.pe\/index.php\/wp-json\/wp\/v2\/media?parent=1331"}],"curies":[{"name":"wp","href":"https:\/\/api.w.org\/{rel}","templated":true}]}}